{"id":488,"date":"2019-11-28T09:00:58","date_gmt":"2019-11-28T09:00:58","guid":{"rendered":"https:\/\/janssenjessen.de\/?page_id=488"},"modified":"2024-04-02T06:12:42","modified_gmt":"2024-04-02T06:12:42","slug":"digitalisierung","status":"publish","type":"page","link":"https:\/\/janssenjessen.de\/index.php\/digitalisierung\/","title":{"rendered":"Digitalisierung"},"content":{"rendered":"<h1>\n<p>Digital aufgestellt<\/p>\n<\/h1>\n<h1>Digitale Zusammenarbeit mit\u00a0Ihrem Steuerberater<\/h1>\n<div>\n<p>Vom Rechnungseingang \u00fcber die Zahlung bis zur \u00dcbergabe an den Steuerberater &#8211; wir bieten Ihnen zahlreiche digitale M\u00f6glichkeiten, mit denen Sie Ihre Buchhaltungsprozesse optimieren k\u00f6nnen.\u00a0<\/p>\n<p>Kontaktieren Sie uns jetzt &#8211; in einem Gespr\u00e4ch k\u00f6nnen wir Ihnen die M\u00f6glichkeiten vorstellen.<\/p>\n<\/div>\n<p>\n    <a href=\"https:\/\/janssenjessen.de\/#kontakt\">Jetzt Kontakt aufnehmen<\/a>\n<\/p>\n<h1>DATEV Unternehmen online &#8211; Videos<\/h1>\n<div>\n<div id=\"mym-insert-here-155941\"><\/div>\n<p><script src=\"https:\/\/www.datev-mymarketing.de\/onlineMedia\/code.js?ids=155941\"><\/script>\n<\/div>\n<p><!--more--><br \/>\n<!-- {\"name\":\"Ansprechpartner\",\"type\":\"layout\",\"children\":[{\"type\":\"section\",\"props\":{\"height\":\"percent\",\"image\":\"wp-content\\\/uploads\\\/photo-1427751840561-9852520f8ce8.jpg\",\"image_position\":\"center-center\",\"image_size\":\"cover\",\"media_overlay\":\"rgba(19, 18, 18, 0.3)\",\"overlap\":false,\"preserve_color\":false,\"style\":\"secondary\",\"title_breakpoint\":\"xl\",\"title_position\":\"top-left\",\"title_rotation\":\"left\",\"vertical_align\":\"middle\",\"width\":\"default\"},\"children\":[{\"type\":\"row\",\"props\":{\"layout\":\"2-3,1-3\"},\"children\":[{\"type\":\"column\",\"props\":{\"css\":\".el-column {\\n\\tz-index: 10;\\n}\",\"image_position\":\"center-center\",\"position_sticky_breakpoint\":\"m\",\"width_medium\":\"2-3\"},\"children\":[{\"type\":\"headline\",\"props\":{\"content\":\"\n\n<p>Digital aufgestellt<\\\/p>\",\"css\":\".el-element p {\\n\\tbackground: rgba(14,14,14,.8);\\n    display: inline-block;\\n    margin-top: 0;\\n}\",\"title_element\":\"h1\",\"title_font_family\":\"tertiary\",\"title_style\":\"heading-xlarge\"}}]},{\"type\":\"column\",\"props\":{\"image_position\":\"center-center\",\"image_size\":\"cover\",\"padding\":\"none\",\"position_sticky_breakpoint\":\"m\",\"width_medium\":\"1-3\"}}]}]},{\"type\":\"section\",\"props\":{\"animation\":\"fade\",\"image_position\":\"center-center\",\"style\":\"default\",\"title_breakpoint\":\"xl\",\"title_position\":\"top-left\",\"title_rotation\":\"left\",\"vertical_align\":\"middle\",\"width\":\"default\"},\"children\":[{\"type\":\"row\",\"children\":[{\"type\":\"column\",\"props\":{\"image_position\":\"center-center\",\"position_sticky_breakpoint\":\"m\",\"width_medium\":\"1-1\"},\"children\":[{\"type\":\"headline\",\"props\":{\"content\":\"Digitale Zusammenarbeit mit\\u00a0Ihrem Steuerberater\",\"margin\":\"large\",\"text_align\":\"center\",\"title_element\":\"h1\"}},{\"type\":\"text\",\"props\":{\"column_breakpoint\":\"m\",\"content\":\"\n\n<p>Vom Rechnungseingang \\u00fcber die Zahlung bis zur \\u00dcbergabe an den Steuerberater - wir bieten Ihnen zahlreiche digitale M\\u00f6glichkeiten, mit denen Sie Ihre Buchhaltungsprozesse optimieren k\\u00f6nnen.\\u00a0<br \\\/><br \\\/>Kontaktieren Sie uns jetzt - in einem Gespr\\u00e4ch k\\u00f6nnen wir Ihnen die M\\u00f6glichkeiten vorstellen.<\\\/p>\",\"margin\":\"default\"}},{\"type\":\"button\",\"props\":{\"grid_column_gap\":\"small\",\"grid_row_gap\":\"small\",\"margin\":\"default\",\"text_align\":\"center\"},\"children\":[{\"type\":\"button_item\",\"props\":{\"button_style\":\"primary\",\"content\":\"Jetzt Kontakt aufnehmen\",\"icon_align\":\"left\",\"link\":\"https:\\\/\\\/janssenjessen.de\\\/#kontakt\"}}]}]}]},{\"type\":\"row\",\"children\":[{\"type\":\"column\",\"props\":{\"image_position\":\"center-center\",\"position_sticky_breakpoint\":\"m\",\"width_medium\":\"1-1\"}}]}]},{\"type\":\"section\",\"props\":{\"image_position\":\"center-center\",\"style\":\"muted\",\"title_breakpoint\":\"xl\",\"title_position\":\"top-left\",\"title_rotation\":\"left\",\"vertical_align\":\"middle\",\"width\":\"default\"},\"children\":[{\"type\":\"row\",\"children\":[{\"type\":\"column\",\"props\":{\"image_position\":\"center-center\",\"position_sticky_breakpoint\":\"m\",\"width_medium\":\"1-1\"},\"children\":[{\"type\":\"headline\",\"props\":{\"content\":\"DATEV Unternehmen online - Videos\",\"margin\":\"large\",\"text_align\":\"center\",\"title_element\":\"h1\"}},{\"type\":\"html\",\"props\":{\"content\":\"\n\n<div id=\\\"mym-insert-here-155941\\\"><\\\/div>\\n\\n<script src=\\\"https:\\\/\\\/www.datev-mymarketing.de\\\/onlineMedia\\\/code.js?ids=155941\\\"><\\\/script>\"}},{\"type\":\"accordion\",\"props\":{\"collapsible\":true,\"content_column_breakpoint\":\"m\",\"image_align\":\"top\",\"image_grid_breakpoint\":\"m\",\"image_grid_width\":\"1-2\",\"image_svg_color\":\"emphasis\",\"link_style\":\"default\",\"link_text\":\"Read more\",\"show_image\":true,\"show_link\":true,\"status\":\"disabled\"},\"children\":[{\"type\":\"accordion_item\",\"props\":{\"content\":\"\n\n<div id=\\\"mym-insert-here-64105\\\">\\u00a0<\\\/div>\\n\n\n<p><script src=\\\"https:\\\/\\\/www.datev-mymarketing.de\\\/onlineMedia\\\/code.js?ids=64105\\\"><\\\/script><\\\/p>\",\"title\":\"DATEV Unternehmen online - Belege digital senden\"}},{\"type\":\"accordion_item\",\"props\":{\"content\":\"\n\n<div id=\\\"mym-insert-here-64106\\\">\\u00a0<\\\/div>\\n\n\n<p><script src=\\\"https:\\\/\\\/www.datev-mymarketing.de\\\/onlineMedia\\\/code.js?ids=64106\\\"><\\\/script><\\\/p>\",\"title\":\"DATEV Unternehmen online - digitale Zusammenarbeit\"}}]}]}]}]}],\"version\":\"4.2.6\"} --><\/p>\n","protected":false},"excerpt":{"rendered":"<p>Digital aufgestellt Digitale Zusammenarbeit mit\u00a0Ihrem Steuerberater Vom Rechnungseingang \u00fcber die Zahlung bis zur \u00dcbergabe an den Steuerberater &#8211; wir bieten Ihnen zahlreiche digitale M\u00f6glichkeiten, mit denen Sie Ihre Buchhaltungsprozesse optimieren k\u00f6nnen.\u00a0 Kontaktieren Sie uns jetzt &#8211; in einem Gespr\u00e4ch k\u00f6nnen wir Ihnen die M\u00f6glichkeiten vorstellen. Jetzt Kontakt aufnehmen DATEV Unternehmen online &#8211; Videos<\/p>\n","protected":false},"author":1,"featured_media":0,"parent":0,"menu_order":0,"comment_status":"closed","ping_status":"closed","template":"","meta":{"footnotes":""},"class_list":["post-488","page","type-page","status-publish","hentry"],"_links":{"self":[{"href":"https:\/\/janssenjessen.de\/index.php\/wp-json\/wp\/v2\/pages\/488","targetHints":{"allow":["GET"]}}],"collection":[{"href":"https:\/\/janssenjessen.de\/index.php\/wp-json\/wp\/v2\/pages"}],"about":[{"href":"https:\/\/janssenjessen.de\/index.php\/wp-json\/wp\/v2\/types\/page"}],"author":[{"embeddable":true,"href":"https:\/\/janssenjessen.de\/index.php\/wp-json\/wp\/v2\/users\/1"}],"replies":[{"embeddable":true,"href":"https:\/\/janssenjessen.de\/index.php\/wp-json\/wp\/v2\/comments?post=488"}],"version-history":[{"count":34,"href":"https:\/\/janssenjessen.de\/index.php\/wp-json\/wp\/v2\/pages\/488\/revisions"}],"predecessor-version":[{"id":942,"href":"https:\/\/janssenjessen.de\/index.php\/wp-json\/wp\/v2\/pages\/488\/revisions\/942"}],"wp:attachment":[{"href":"https:\/\/janssenjessen.de\/index.php\/wp-json\/wp\/v2\/media?parent=488"}],"curies":[{"name":"wp","href":"https:\/\/api.w.org\/{rel}","templated":true}]}}